{"id":312,"date":"2022-09-18T10:36:00","date_gmt":"2022-09-18T13:36:00","guid":{"rendered":"https:\/\/www.batea.ar\/?page_id=312"},"modified":"2024-09-01T18:34:27","modified_gmt":"2024-09-01T21:34:27","slug":"sede-de-fuego-austral-primavera-2022","status":"publish","type":"page","link":"https:\/\/www.batea.ar\/en\/instalaciones-objeto\/sede-de-fuego-austral-primavera-2022\/","title":{"rendered":"Hola comunidad Primavera 2022"},"content":{"rendered":"\n<p>En estado muy beta batea se comparti\u00f3 con algunas comunidades.<\/p>\n\n\n\n<p>Una reuni\u00f3n fue la excusa perfecta para testear reacciones, emociones y sonidos de los sintetizadores. Batea-objeto con la narrativa del vinilo funcion\u00f3 como un juego que deriv\u00f3 en varias interpretaciones sobre la lectura de los dibujos que realiza Batea. Algunos buscaron la l\u00f3gica a trav\u00e9s de patrones de sonido entre l\u00edneas estudiadas y otros sintieron que el sonido representaba sus mentes.<\/p>\n\n\n\n<p>Este juego para un peque\u00f1o grupo mostr\u00f3 la potencia de la experiencia de Batea para imaginar y abrir la percepci\u00f3n en una combinaci\u00f3n nueva entre el dibujo y el sonido.<\/p>\n\n\n\n<p>Bienvenida la gira que comienza.<\/p>\n\n\n\n<figure class=\"wp-block-embed is-type-video is-provider-youtube wp-block-embed-youtube wp-embed-aspect-16-9 wp-has-aspect-ratio\"><div class=\"wp-block-embed__wrapper\">\n<iframe loading=\"lazy\" title=\"Avant Premiere Batea\" width=\"640\" height=\"360\" src=\"https:\/\/www.youtube.com\/embed\/f-JlzRv-RKk?feature=oembed\" frameborder=\"0\" allow=\"accelerometer; autoplay; clipboard-write; encrypted-media; gyroscope; picture-in-picture; web-share\" referrerpolicy=\"strict-origin-when-cross-origin\" allowfullscreen><\/iframe>\n<\/div><\/figure>\n","protected":false},"excerpt":{"rendered":"<p>En estado muy beta batea se comparti\u00f3 con algunas comunidades. Una reuni\u00f3n fue la excusa perfecta para testear reacciones, emociones y sonidos de los sintetizadores.<\/p>\n","protected":false},"author":1,"featured_media":0,"parent":262,"menu_order":0,"comment_status":"closed","ping_status":"closed","template":"","meta":{"om_disable_all_campaigns":false,"_mi_skip_tracking":false,"_monsterinsights_sitenote_active":false,"_monsterinsights_sitenote_note":"","_monsterinsights_sitenote_category":0},"translation":{"provider":"WPGlobus","version":"2.12.2","language":"en","enabled_languages":["es","en"],"languages":{"es":{"title":true,"content":true,"excerpt":false},"en":{"title":false,"content":false,"excerpt":false}}},"aioseo_notices":[],"jetpack_sharing_enabled":true,"_links":{"self":[{"href":"https:\/\/www.batea.ar\/en\/wp-json\/wp\/v2\/pages\/312"}],"collection":[{"href":"https:\/\/www.batea.ar\/en\/wp-json\/wp\/v2\/pages"}],"about":[{"href":"https:\/\/www.batea.ar\/en\/wp-json\/wp\/v2\/types\/page"}],"author":[{"embeddable":true,"href":"https:\/\/www.batea.ar\/en\/wp-json\/wp\/v2\/users\/1"}],"replies":[{"embeddable":true,"href":"https:\/\/www.batea.ar\/en\/wp-json\/wp\/v2\/comments?post=312"}],"version-history":[{"count":5,"href":"https:\/\/www.batea.ar\/en\/wp-json\/wp\/v2\/pages\/312\/revisions"}],"predecessor-version":[{"id":831,"href":"https:\/\/www.batea.ar\/en\/wp-json\/wp\/v2\/pages\/312\/revisions\/831"}],"up":[{"embeddable":true,"href":"https:\/\/www.batea.ar\/en\/wp-json\/wp\/v2\/pages\/262"}],"wp:attachment":[{"href":"https:\/\/www.batea.ar\/en\/wp-json\/wp\/v2\/media?parent=312"}],"curies":[{"name":"wp","href":"https:\/\/api.w.org\/{rel}","templated":true}]}}